{"id":1058,"date":"2021-10-25T15:23:38","date_gmt":"2021-10-25T13:23:38","guid":{"rendered":"https:\/\/fsr.cs.uni-potsdam.de\/?page_id=1058"},"modified":"2021-10-25T15:23:38","modified_gmt":"2021-10-25T13:23:38","slug":"bafoeg","status":"publish","type":"page","link":"https:\/\/fsr.cs.uni-potsdam.de\/?page_id=1058","title":{"rendered":"BAf\u00f6G"},"content":{"rendered":"<p>Falls ihr Fragen zum BAf\u00f6G habt oder Bescheinigungen ben\u00f6tigt, k\u00f6nnt ihr euch hier melden:<\/p>\n<p>Computational Science (BA,MA) und Lehramt Informatik: bafoeg@lists.cs.uni-potsdam.de<\/p>\n<p>Wirtschaftsinformatik: Edzard Weber edzard.weber@wi.uni-potsdam.de<\/p>\n","protected":false},"excerpt":{"rendered":"<p>Falls ihr Fragen zum BAf\u00f6G habt oder Bescheinigungen ben\u00f6tigt, k\u00f6nnt ihr euch hier melden: Computational Science (BA,MA) und Lehramt Informatik: bafoeg@lists.cs.uni-potsdam.de Wirtschaftsinformatik: Edzard Weber edzard.weber@wi.uni-potsdam.de<\/p>\n","protected":false},"author":2,"featured_media":0,"parent":0,"menu_order":0,"comment_status":"closed","ping_status":"closed","template":"","meta":{"footnotes":""},"class_list":["post-1058","page","type-page","status-publish","hentry"],"_links":{"self":[{"href":"https:\/\/fsr.cs.uni-potsdam.de\/index.php?rest_route=\/wp\/v2\/pages\/1058","targetHints":{"allow":["GET"]}}],"collection":[{"href":"https:\/\/fsr.cs.uni-potsdam.de\/index.php?rest_route=\/wp\/v2\/pages"}],"about":[{"href":"https:\/\/fsr.cs.uni-potsdam.de\/index.php?rest_route=\/wp\/v2\/types\/page"}],"author":[{"embeddable":true,"href":"https:\/\/fsr.cs.uni-potsdam.de\/index.php?rest_route=\/wp\/v2\/users\/2"}],"replies":[{"embeddable":true,"href":"https:\/\/fsr.cs.uni-potsdam.de\/index.php?rest_route=%2Fwp%2Fv2%2Fcomments&post=1058"}],"version-history":[{"count":0,"href":"https:\/\/fsr.cs.uni-potsdam.de\/index.php?rest_route=\/wp\/v2\/pages\/1058\/revisions"}],"wp:attachment":[{"href":"https:\/\/fsr.cs.uni-potsdam.de\/index.php?rest_route=%2Fwp%2Fv2%2Fmedia&parent=1058"}],"curies":[{"name":"wp","href":"https:\/\/api.w.org\/{rel}","templated":true}]}}