{"id":507,"date":"2019-08-12T14:30:58","date_gmt":"2019-08-12T12:30:58","guid":{"rendered":"https:\/\/fsr.cs.uni-potsdam.de\/?page_id=507"},"modified":"2019-08-12T14:30:58","modified_gmt":"2019-08-12T12:30:58","slug":"pruefungen","status":"publish","type":"page","link":"https:\/\/fsr.cs.uni-potsdam.de\/?page_id=507","title":{"rendered":"Pr\u00fcfungen"},"content":{"rendered":"<h4 id=\"wie_funktionieren_pruefungen\" class=\"sectionedit6\">Wie funktionieren Pr\u00fcfungen?<\/h4>\n<div class=\"level1\">\n<p>Damit ihr \u00fcberhaupt an einer Pr\u00fcfung teilnehmen k\u00f6nnt, m\u00fcsst ihr euch zu der Lehrveranstaltung und zu der Pr\u00fcfung anmelden (\u00a7 9 (1), (2) <abbr title=\"Allgemeine Ordnung f\u00fcr die nicht lehr- amtsbezogenen Bachelor- und Master- studieng\u00e4nge an der Universit\u00e4t Potsdam\">BAMA-O<\/abbr>\/<abbr title=\"Allgemeine Ordnung f\u00fcr das lehramt s- bezogene Bachelor - und Masterst u dium an der Universit\u00e4t Potsdam\">BAMALA-O<\/abbr>). Danach werdet ihr vom jeweiligen Pr\u00fcfer f\u00fcr die Pr\u00fcfung zugelassen. Das muss innerhalb von einer Woche nach Ende des Anmeldezeitraums f\u00fcr die Pr\u00fcfung geschehen. W\u00e4hrend des Anmeldezeitraums k\u00f6nnt ihr euch ohne Konsequenzen abmelden.<\/p>\n<p>Zudem sehen einige Lehrveranstaltungen eine lehrveranstaltungsbegleitende Leistungserfassung vor. Dabei w\u00e4hlt ihr schon beim Belegen der Lehrveranstaltung die zugeh\u00f6rige Pr\u00fcfung aus. Damit seid ihr zur Pr\u00fcfung f\u00fcr die Lehrveranstaltung angemeldet. Hier gibt es eine gesonderte R\u00fccktrittsfrist w\u00e4hrend der ihr euch ohne Konsequenzen abmelden k\u00f6nnt (\u00a7 9 (5) <abbr title=\"Allgemeine Ordnung f\u00fcr die nicht lehr- amtsbezogenen Bachelor- und Master- studieng\u00e4nge an der Universit\u00e4t Potsdam\">BAMA-O<\/abbr> \/ <abbr title=\"Allgemeine Ordnung f\u00fcr das lehramt s- bezogene Bachelor - und Masterst u dium an der Universit\u00e4t Potsdam\">BAMALA-O<\/abbr>). Die R\u00fccktrittsfrist solltet ihr bei euren Dozierenden erfragen.<\/p>\n<p>Wenn ihr euch von einer Pr\u00fcfung abmeldet, bleiben alle bis dahin erbrachten Leistungen erhalten. Habt ihr z.B. eine Vorleistung f\u00fcr die Zulassung zur Klausur erbracht und meldet euch dann ab, m\u00fcsst ihr die Vorleistung beim n\u00e4chsten Mal nicht noch-einmal erbringen.<\/p>\n<p>F\u00fcr jede Pr\u00fcfung sollte es einen ersten Pr\u00fcfungstermin geben. In der Regel sollte nach 6 Wochen ein zweiter Pr\u00fcfungstermin angeboten werden. Den zweiten Termin kann man benutzen, wenn man zum ersten Termin verhindert ist oder um eine nichtbestandene Pr\u00fcfung zu wiederholen (\u00a7 10 (1) <abbr title=\"Allgemeine Ordnung f\u00fcr die nicht lehr- amtsbezogenen Bachelor- und Master- studieng\u00e4nge an der Universit\u00e4t Potsdam\">BAMA-O<\/abbr> \/ <abbr title=\"Allgemeine Ordnung f\u00fcr das lehramt s- bezogene Bachelor - und Masterst u dium an der Universit\u00e4t Potsdam\">BAMALA-O<\/abbr>).<\/p>\n<p>Die Art der Pr\u00fcfung und die Pr\u00fcfungsform muss bis sp\u00e4testestens zum Beginn der Vorlesungszeit bekannt gegeben worden sein (\u00a7 8 (2) <abbr title=\"Allgemeine Ordnung f\u00fcr die nicht lehr- amtsbezogenen Bachelor- und Master- studieng\u00e4nge an der Universit\u00e4t Potsdam\">BAMA-O<\/abbr> \/ <abbr title=\"Allgemeine Ordnung f\u00fcr das lehramt s- bezogene Bachelor - und Masterst u dium an der Universit\u00e4t Potsdam\">BAMALA-O<\/abbr>). Ist das nicht der Fall, solltet ihr in jedem Fall mit dem Dozenten sprechen.<\/p>\n<\/div>\n<h4 id=\"was_passiert_wenn_ich_bei_einer_pruefung_krank_bin\" class=\"sectionedit11\">Was passiert, wenn ich bei einer Pr\u00fcfung krank bin?<\/h4>\n<div class=\"level1\">\n<p>Wenn ihr am Pr\u00fcfungstermin krank seid, m\u00fcsst ihr beim Pr\u00fcfungsamt ein \u00e4rztliches Attest einreichen (\u00a7 14 (3) <abbr title=\"Allgemeine Ordnung f\u00fcr die nicht lehr- amtsbezogenen Bachelor- und Master- studieng\u00e4nge an der Universit\u00e4t Potsdam\">BAMA-O<\/abbr>\/<abbr title=\"Allgemeine Ordnung f\u00fcr das lehramt s- bezogene Bachelor - und Masterst u dium an der Universit\u00e4t Potsdam\">BAMALA-O<\/abbr>). Dazu habt ihr 5 Werktage Zeit. Das Datum des Attestes muss mit dem Pr\u00fcfungsdatum \u00fcbereinstimmen. Au\u00dferdem muss f\u00fcr das Pr\u00fcfungsamt klar erkennbar sein, dass ihr nicht an der Pr\u00fcfung teilnehmen k\u00f6nnt. Das Attest reicht man zusammen mit dem ausgef\u00fcllten Formular des Pr\u00fcfungsamts ein. Das Formular findet ihr unter <a class=\"urlextern\" title=\"http:\/\/www.uni-potsdam.de\/fileadmin\/projects\/studium\/assets\/studium_konkret\/Formulare\/leistung\/anlage_attest.pdf\" href=\"http:\/\/www.uni-potsdam.de\/fileadmin\/projects\/studium\/assets\/studium_konkret\/Formulare\/leistung\/anlage_attest.pdf\" rel=\"nofollow\">Formular zur Einreichung eines Attests<\/a>.<\/p>\n<p>Wenn das Attest f\u00fcr einen bestimmten Zeitraum ausgestellt ist \u2013 also wenn euch euer Arzt z.B. f\u00fcr eine Woche krank schreibt \u2013 dann d\u00fcrft ihr in dem gesamten Zeitraum keine Pr\u00fcfungen absolvieren. Nehmt ihr trotzdem an einer Pr\u00fcfung teil, erkennt das Pr\u00fcfungsamt das Attest f\u00fcr den gesamten Zeitraum nicht an. Alle Pr\u00fcfungen, an denen ihr nicht teilgenommen habt, werden dann mit 5,0 bewertet und z\u00e4hlen als Pr\u00fcfungsversuch.<\/p>\n<\/div>\n<h4 id=\"was_passiert_wenn_ich_eine_pruefung_versaeume\" class=\"sectionedit13\">Was passiert, wenn ich eine Pr\u00fcfung vers\u00e4ume?<\/h4>\n<div class=\"level1\">\n<p>Wenn ihr euch zu einer Pr\u00fcfung angemeldet habt, m\u00fcsst ihr die Pr\u00fcfungsleistung auch erbringen. Brecht ihr also eine Klausur ab oder erscheint gar nicht erst, wird die Pr\u00fcfung mit 5,0 bewertet und z\u00e4hlt als Pr\u00fcfungsversuch (\u00a7 14 (1) <abbr title=\"Allgemeine Ordnung f\u00fcr die nicht lehr- amtsbezogenen Bachelor- und Master- studieng\u00e4nge an der Universit\u00e4t Potsdam\">BAMA-O<\/abbr>\/<abbr title=\"Allgemeine Ordnung f\u00fcr das lehramt s- bezogene Bachelor - und Masterst u dium an der Universit\u00e4t Potsdam\">BAMALA-O<\/abbr>).<\/p>\n<p>Das gilt auch, wenn ihr Haus- oder Seminararbeiten nicht rechtzeitig \u2013 a\u013aso innerhalb der Bearbeitungszeit \u2013 abgebt. Hier lohnt es sich aber in jedem Fall noch einmal mit dem Pr\u00fcfer \u00fcber die Gr\u00fcnde f\u00fcr die nicht rechtzeitige Abgabe zu sprechen. Aus wichtigen Gr\u00fcnden k\u00f6nnen Bearbeitungszeiten n\u00e4mlich verl\u00e4ngert werden. Das muss aber sofort passieren (\u00a7 14 (2) <abbr title=\"Allgemeine Ordnung f\u00fcr die nicht lehr- amtsbezogenen Bachelor- und Master- studieng\u00e4nge an der Universit\u00e4t Potsdam\">BAMA-O<\/abbr>\/<abbr title=\"Allgemeine Ordnung f\u00fcr das lehramt s- bezogene Bachelor - und Masterst u dium an der Universit\u00e4t Potsdam\">BAMALA-O<\/abbr>). Generell habt ihr dabei bessere Karten, wenn ihr, sollte das nicht Einhalten der Frist absehbar sein, schon vor Ende der Frist um mehr Zeit bittet.<\/p>\n<\/div>\n<h4 id=\"wie_schnell_werden_pruefungen_bewertet\" class=\"sectionedit10\">Wie schnell werden Pr\u00fcfungen bewertet?<\/h4>\n<div class=\"level1\">\n<p>M\u00fcndliche Pr\u00fcfungen m\u00fcssen sofort und durch mindestens zwei Pr\u00fcfer bewertet werden (\u00a7 10 (2) \/ \u00a7 11 (9) <abbr title=\"Allgemeine Ordnung f\u00fcr die nicht lehr- amtsbezogenen Bachelor- und Master- studieng\u00e4nge an der Universit\u00e4t Potsdam\">BAMA-O<\/abbr> \/ <abbr title=\"Allgemeine Ordnung f\u00fcr das lehramt s- bezogene Bachelor - und Masterst u dium an der Universit\u00e4t Potsdam\">BAMALA-O<\/abbr>). Alle anderen Pr\u00fcfungen sollten innerhalb eines Monats nach dem Pr\u00fcfungsdatum bewertetet sein.<\/p>\n<\/div>\n<h4 id=\"wie_laufen_klausureinsichten_ab\" class=\"sectionedit14\">Wie laufen Klausureinsichten ab?<\/h4>\n<div class=\"level1\">\n<p>Um die Bewertung nachzuvollziehen, k\u00f6nnt ihr euch in jedem Fall die Unterlagen zur Pr\u00fcfung anschauen (\u00a7 20 (2) <abbr title=\"Allgemeine Ordnung f\u00fcr die nicht lehr- amtsbezogenen Bachelor- und Master- studieng\u00e4nge an der Universit\u00e4t Potsdam\">BAMA-O<\/abbr>\/<abbr title=\"Allgemeine Ordnung f\u00fcr das lehramt s- bezogene Bachelor - und Masterst u dium an der Universit\u00e4t Potsdam\">BAMALA-O<\/abbr>). Das ist eure bewertete Klausur, Haus-\/Seminararbeit oder das Pr\u00fcfungsprotokoll einer m\u00fcndlichen Pr\u00fcfung. Dazu habt ihr bis zwei Monate nach Bekanntgabe des Pr\u00fcfungsergebnisses Zeit. In der Regel ver\u00f6ffentlichen die Pr\u00fcfer selber einen Termin f\u00fcr die Einsichtnahme. Ansonsten solltet ihr den Pr\u00fcfer kurz fragen.<\/p>\n<\/div>\n<h4 id=\"kann_ich_mir_pruefungsleistungen_anerkennen_lassen\" class=\"sectionedit15\">Kann ich mir Pr\u00fcfungsleistungen anerkennen lassen?<\/h4>\n<div class=\"level1\">\n<p>Leistungen an anderen Universit\u00e4ten oder aus einer Berufsausbildung k\u00f6nnen f\u00fcr euer Studium angerechnet werden. Dar\u00fcber entscheidet der Pr\u00fcfungsausschuss (\u00a7 2 (4) 5. <abbr title=\"Allgemeine Ordnung f\u00fcr die nicht lehr- amtsbezogenen Bachelor- und Master- studieng\u00e4nge an der Universit\u00e4t Potsdam\">BAMA-O<\/abbr>\/<abbr title=\"Allgemeine Ordnung f\u00fcr das lehramt s- bezogene Bachelor - und Masterst u dium an der Universit\u00e4t Potsdam\">BAMALA-O<\/abbr>). Sprecht am besten vorher mit eurem Pr\u00fcfungsausschuss, ob so etwas m\u00f6glich ist. F\u00fcr den Antrag reicht ein kurzes Schreiben.<\/p>\n<\/div>\n<h4 id=\"was_passiert_wenn_ich_bei_einer_pruefung_taeusche\" class=\"sectionedit12\">Was passiert, wenn ich bei einer Pr\u00fcfung t\u00e4usche?<\/h4>\n<div class=\"level1\">\n<p>Wenn ihr bei einer Pr\u00fcfung versucht zu t\u00e4uschen \u2013 also z.B. abzuschreiben &#8211; wird die Pr\u00fcfung mit 5,0 bewertet. Das gilt auch schon wenn ihr nicht zugelassene Hilfsmittel verwendet (\u00a7 17 (1) <abbr title=\"Allgemeine Ordnung f\u00fcr die nicht lehr- amtsbezogenen Bachelor- und Master- studieng\u00e4nge an der Universit\u00e4t Potsdam\">BAMA-O<\/abbr>\/<abbr title=\"Allgemeine Ordnung f\u00fcr das lehramt s- bezogene Bachelor - und Masterst u dium an der Universit\u00e4t Potsdam\">BAMALA-O<\/abbr>). Daf\u00fcr reicht schon ein Taschenrechner aus, wenn der Taschenrechner nicht zugelassen ist. Welche Hilfsmittel genau zugelassen sind, gibt der Pr\u00fcfer vorher bekannt. Die T\u00e4uschung kann auch zum Ausschluss aus dem Studium f\u00fchren. Das gilt aber nur bei besonders schweren F\u00e4llen.<\/p>\n<p>Bei Haus- oder Seminararbeiten erfolgt auch eine Bewertung mit 5,0 bei wissenschaftlichem Fehlverhalten. Das ist z.B. das Abschreiben von einem Kommilitonen oder wenn ihr eure Literatur und die dazugeh\u00f6rigen Zitate nicht richtig kennzeichnet und dokumentiert.<\/p>\n<\/div>\n<h4 id=\"was_sind_pruefungsversuche\" class=\"sectionedit7\">Was sind Pr\u00fcfungsversuche?<\/h4>\n<div class=\"level1\">\n<p>F\u00fcr jede Pr\u00fcfung habt ihr bis zu drei Versuche (\u00a7 13 (2) <abbr title=\"Allgemeine Ordnung f\u00fcr die nicht lehr- amtsbezogenen Bachelor- und Master- studieng\u00e4nge an der Universit\u00e4t Potsdam\">BAMA-O<\/abbr>\/<abbr title=\"Allgemeine Ordnung f\u00fcr das lehramt s- bezogene Bachelor - und Masterst u dium an der Universit\u00e4t Potsdam\">BAMALA-O<\/abbr>). Wenn ihr eine Pr\u00fcfung beim dritten Versuch nicht besteht, ist die Pr\u00fcfung endg\u00fcltig nicht bestanden. Sofern das eine Pflichtpr\u00fcfung ist, k\u00f6nnt ihr in dem Studiengang nicht mehr weiter studieren. Beim dritten Versuch einer Pr\u00fcfung muss die Pr\u00fcfung von zwei Personen bewertet werden (\u00a7 11 (7) <abbr title=\"Allgemeine Ordnung f\u00fcr die nicht lehr- amtsbezogenen Bachelor- und Master- studieng\u00e4nge an der Universit\u00e4t Potsdam\">BAMA-O<\/abbr>\/<abbr title=\"Allgemeine Ordnung f\u00fcr das lehramt s- bezogene Bachelor - und Masterst u dium an der Universit\u00e4t Potsdam\">BAMALA-O<\/abbr>). Ihr k\u00f6nnt aber auch schon beim 1. oder 2. Versuch eine unabh\u00e4ngige, zweite Bewertung einfordern (\u00a7 11 (8) <abbr title=\"Allgemeine Ordnung f\u00fcr die nicht lehr- amtsbezogenen Bachelor- und Master- studieng\u00e4nge an der Universit\u00e4t Potsdam\">BAMA-O<\/abbr>\/<abbr title=\"Allgemeine Ordnung f\u00fcr das lehramt s- bezogene Bachelor - und Masterst u dium an der Universit\u00e4t Potsdam\">BAMALA-O<\/abbr>).<\/p>\n<\/div>\n<h4 id=\"was_sind_freiversuche\" class=\"sectionedit8\">Was sind Freiversuche?<\/h4>\n<div class=\"level1\">\n<p>Im 1. Fachsemester habt ihr sogenannte Erstsemesterfreiversuche. Pr\u00fcfungen, die ihr im 1. Semester erstmalig nicht bestanden habt, werden nicht gewertet. Sie z\u00e4hlen nicht als Pr\u00fcfungsversuch. Um einen Erstsemesterfreiversuch zu verwenden muss kein Antrag gestellt werden. Die Verbuchung erfolgt automatisch durch das Pr\u00fcfungsamt und wird in der Leistungs\u00fcbersicht im <abbr title=\"Potsdamer Universit\u00e4tslehr- und Studienorganisationsportal (Funktion: Belegung, Abmeldung, Vorlesungsverzeichnis, Leistungs\u00fcbersicht)\">PULS<\/abbr> verzeichnet. Wenn es dazu Probleme gibt, wendet euch am besten an das Pr\u00fcfungsamt oder das Studienb\u00fcro. Die genaue Regelung findet sich in \u00a7 13 (1) der <abbr title=\"Allgemeine Ordnung f\u00fcr die nicht lehr- amtsbezogenen Bachelor- und Master- studieng\u00e4nge an der Universit\u00e4t Potsdam\">BAMA-O<\/abbr>\/<abbr title=\"Allgemeine Ordnung f\u00fcr das lehramt s- bezogene Bachelor - und Masterst u dium an der Universit\u00e4t Potsdam\">BAMALA-O<\/abbr>.<\/p>\n<p>Neben den Erstsemesterfreiversuchen gibt es auch studiengangsspezifische Freiversuche. Die nicht bestandene Pr\u00fcfung z\u00e4hlt dann auch nicht als Pr\u00fcfungsversuch. Allerdings muss so eine Freiversuch innerhalb von 10 Werktagen nach dem das Pr\u00fcfungsergebnis bekannt gegeben worden ist schriftlich beim Pr\u00fcfungsamt angezeigt werden (\u00a7 13 (3) <abbr title=\"Allgemeine Ordnung f\u00fcr die nicht lehr- amtsbezogenen Bachelor- und Master- studieng\u00e4nge an der Universit\u00e4t Potsdam\">BAMA-O<\/abbr>\/<abbr title=\"Allgemeine Ordnung f\u00fcr das lehramt s- bezogene Bachelor - und Masterst u dium an der Universit\u00e4t Potsdam\">BAMALA-O<\/abbr>). Ihr m\u00fcsst also im <abbr title=\"Potsdamer Universit\u00e4tslehr- und Studienorganisationsportal (Funktion: Belegung, Abmeldung, Vorlesungsverzeichnis, Leistungs\u00fcbersicht)\">PULS<\/abbr> oder auf der Lehrstuhlwebsite des Pr\u00fcfers regelm\u00e4\u00dfig nachschauen, ob das Pr\u00fcfungsergebnis schon bekannt gegeben worden ist, damit ihr den Freiversuch nutzen k\u00f6nnt. Um den Freiversuch anzuzeigen m\u00fcsst ihr das Formular des Pr\u00fcfungsamts verwenden. Das findet ihr unter <a class=\"urlextern\" title=\"http:\/\/www.uni-potsdam.de\/fileadmin\/projects\/studium\/assets\/studium_konkret\/Formulare\/leistung\/Formular_Freiversuch.pdf\" href=\"http:\/\/www.uni-potsdam.de\/fileadmin\/projects\/studium\/assets\/studium_konkret\/Formulare\/leistung\/Formular_Freiversuch.pdf\" rel=\"nofollow\">Formular zur Anzeige eines Freiversuchs<\/a>. Ihr m\u00fcsst den Antrag leider ausdrucken und ausf\u00fcllen. Eine E-Mail reicht nicht. Den Freiversuch k\u00f6nnt ihr nur innerhalb der Regelstudienzeit verwenden.<\/p>\n<p>Den Freiversuch kann man nicht nur f\u00fcr eine nicht bestandene Pr\u00fcfung verwenden, sondern auch zum verbessern einer Note (\u00a7 13 (4) <abbr title=\"Allgemeine Ordnung f\u00fcr die nicht lehr- amtsbezogenen Bachelor- und Master- studieng\u00e4nge an der Universit\u00e4t Potsdam\">BAMA-O<\/abbr>\/<abbr title=\"Allgemeine Ordnung f\u00fcr das lehramt s- bezogene Bachelor - und Masterst u dium an der Universit\u00e4t Potsdam\">BAMALA-O<\/abbr>). In diesem Fall z\u00e4hlt auch nur die bessere Note der zwei Pr\u00fcfungen, so dass f\u00fcr euch kein Risiko einer Verschlechterung existiert.<\/p>\n<p>Welche Freiversuche ihr habt, steht in eurer Studienordnung.<\/p>\n<p>Generell gilt aber, dass ihr nur einen Freiversuch pro Modul geltend machen k\u00f6nnt. Dabei z\u00e4hlen aber nicht eure Erstsemester-Freiversuche.<\/p>\n<\/div>\n<h4 id=\"wohin_kann_ich_mich_bei_fragen_zum_pruefungsrecht_wenden\" class=\"sectionedit5\">Wohin kann ich mich bei Fragen zum Pr\u00fcfungsrecht wenden?<\/h4>\n<div class=\"level1\">\n<p>Ansprechpartner bei allen Fragen zu Pr\u00fcfungen sind zuallererst eure Dozenten. Wenn sich ein Problem nicht mit Hilfe des Dozenten kl\u00e4ren l\u00e4sst, k\u00f6nnen euch euer <a class=\"mail\" title=\"fsr-inf@lists.astaup.de\" href=\"mailto:fsr-inf@lists.astaup.de\">Fachschaftsrat<\/a> und die <a class=\"mail\" title=\"pruefungsrecht@asta.uni-potsdam.de\" href=\"mailto:pruefungsrecht@asta.uni-potsdam.de\">AStA Pr\u00fcfungsrechtsberatung<\/a> weiter helfen. Eine Reihe von Problemen lassen sich auch mit Hilfe des <a class=\"mail\" title=\"pruefungsamt@uni-potsdam.de\" href=\"mailto:pruefungsamt@uni-potsdam.de\">Pr\u00fcfungsamtes<\/a> l\u00f6sen.<\/p>\n<p>Grundlage f\u00fcr alle Regelungen zu Pr\u00fcfungen bildet die <abbr title=\"Allgemeine Ordnung f\u00fcr die nicht lehr- amtsbezogenen Bachelor- und Master- studieng\u00e4nge an der Universit\u00e4t Potsdam\">BAMA-O<\/abbr> f\u00fcr alle Bachelor- und Masterstudieng\u00e4nge. F\u00fcr die Lehramtsstudieng\u00e4nge gibt es eine eigene Rahmenordnung, die <abbr title=\"Allgemeine Ordnung f\u00fcr das lehramt s- bezogene Bachelor - und Masterst u dium an der Universit\u00e4t Potsdam\">BAMALA-O<\/abbr>. Die Regelungen zu Pr\u00fcfungen sind in beiden Ordnungen identisch.<\/p>\n<\/div>\n","protected":false},"excerpt":{"rendered":"<p>Wie funktionieren Pr\u00fcfungen? Damit ihr \u00fcberhaupt an einer Pr\u00fcfung teilnehmen k\u00f6nnt, m\u00fcsst ihr euch zu der Lehrveranstaltung und zu der Pr\u00fcfung anmelden (\u00a7 9 (1), (2) BAMA-O\/BAMALA-O). Danach werdet ihr vom jeweiligen Pr\u00fcfer f\u00fcr die Pr\u00fcfung zugelassen. Das muss innerhalb von einer Woche nach Ende des Anmeldezeitraums f\u00fcr die Pr\u00fcfung geschehen. W\u00e4hrend des Anmeldezeitraums k\u00f6nnt <a class=\"more-link\" href=\"https:\/\/fsr.cs.uni-potsdam.de\/?page_id=507\">weiterlesen&#8230;<\/a><\/p>\n","protected":false},"author":2,"featured_media":0,"parent":0,"menu_order":0,"comment_status":"closed","ping_status":"closed","template":"","meta":{"footnotes":""},"class_list":["post-507","page","type-page","status-publish","hentry"],"_links":{"self":[{"href":"https:\/\/fsr.cs.uni-potsdam.de\/index.php?rest_route=\/wp\/v2\/pages\/507","targetHints":{"allow":["GET"]}}],"collection":[{"href":"https:\/\/fsr.cs.uni-potsdam.de\/index.php?rest_route=\/wp\/v2\/pages"}],"about":[{"href":"https:\/\/fsr.cs.uni-potsdam.de\/index.php?rest_route=\/wp\/v2\/types\/page"}],"author":[{"embeddable":true,"href":"https:\/\/fsr.cs.uni-potsdam.de\/index.php?rest_route=\/wp\/v2\/users\/2"}],"replies":[{"embeddable":true,"href":"https:\/\/fsr.cs.uni-potsdam.de\/index.php?rest_route=%2Fwp%2Fv2%2Fcomments&post=507"}],"version-history":[{"count":0,"href":"https:\/\/fsr.cs.uni-potsdam.de\/index.php?rest_route=\/wp\/v2\/pages\/507\/revisions"}],"wp:attachment":[{"href":"https:\/\/fsr.cs.uni-potsdam.de\/index.php?rest_route=%2Fwp%2Fv2%2Fmedia&parent=507"}],"curies":[{"name":"wp","href":"https:\/\/api.w.org\/{rel}","templated":true}]}}