{"id":509,"date":"2019-08-12T14:31:11","date_gmt":"2019-08-12T12:31:11","guid":{"rendered":"https:\/\/fsr.cs.uni-potsdam.de\/?page_id=509"},"modified":"2019-08-12T14:31:11","modified_gmt":"2019-08-12T12:31:11","slug":"ansprechpartner","status":"publish","type":"page","link":"https:\/\/fsr.cs.uni-potsdam.de\/?page_id=509","title":{"rendered":"Ansprechpartner*innen"},"content":{"rendered":"<div class=\"level1\">\n<div class=\"table sectionedit4\">\n<table class=\"inline\">\n<thead>\n<tr class=\"row0\">\n<th class=\"col0\">Name<\/th>\n<th class=\"col1\">Funktion<\/th>\n<th class=\"col2\">E-Mail<\/th>\n<\/tr>\n<\/thead>\n<tbody>\n<tr class=\"row1\">\n<td class=\"col0\">Fachschaftsrat<\/td>\n<td class=\"col1\">Fachschaftsrat Informatik<\/td>\n<td class=\"col2\"><a class=\"mail\" title=\"fsr-inf@lists.astaup.de\" href=\"mailto:fsr-inf@lists.astaup.de\">Fachschaftsrat<\/a><\/td>\n<\/tr>\n<tr class=\"row2\">\n<td class=\"col0\"><abbr title=\"Allgemeiner Studierendenausschuss\">AStA<\/abbr> &#8211; Allgemein<\/td>\n<td class=\"col1\"><abbr title=\"Allgemeiner Studierendenausschuss\">AStA<\/abbr> &#8211; Allgemeine Anfragen<\/td>\n<td class=\"col2\"><a class=\"mail\" title=\"info@asta.uni-potsdam.de\" href=\"mailto:info@asta.uni-potsdam.de\">AStA Allgemein<\/a><\/td>\n<\/tr>\n<tr class=\"row3\">\n<td class=\"col0\"><abbr title=\"Allgemeiner Studierendenausschuss\">AStA<\/abbr> &#8211; Pr\u00fcfungsrecht<\/td>\n<td class=\"col1\"><abbr title=\"Allgemeiner Studierendenausschuss\">AStA<\/abbr> &#8211; Anfragen zum Pr\u00fcfungsrecht<\/td>\n<td class=\"col2\"><a class=\"mail\" title=\"pruefungsrecht@asta.uni-potsdam.de\" href=\"mailto:pruefungsrecht@asta.uni-potsdam.de\">AStA Pr\u00fcfungsrecht<\/a><\/td>\n<\/tr>\n<tr class=\"row4\">\n<td class=\"col0\">Frau Vogel<\/td>\n<td class=\"col1\">Studienfachberaterin BSc. Informatik\/Computational Science<\/td>\n<td class=\"col2\"><a class=\"mail\" title=\"pvogel@cs.uni-potsdam.de\" href=\"mailto:pvogel@cs.uni-potsdam.de\"> Fr. Vogel<\/a><\/td>\n<\/tr>\n<tr class=\"row5\">\n<td class=\"col0\">Herr Dr. Bordihn<\/td>\n<td class=\"col1\">Studienfachberater MSc. Informatik\/Computational Science<\/td>\n<td class=\"col2\"><a class=\"mail\" title=\"bordihn@cs.uni-potsdam.de\" href=\"mailto:bordihn@cs.uni-potsdam.de\"> Dr. Bordihn<\/a><\/td>\n<\/tr>\n<tr class=\"row6\">\n<td class=\"col0\">Frau Theuer<\/td>\n<td class=\"col1\">Studienfachberater BSc.\/MSc. Wirtschaftsinformatik<\/td>\n<td class=\"col2\"><a class=\"mail\" title=\"hanna.theuer@wi.uni-potsdam.de\" href=\"mailto:hanna.theuer@wi.uni-potsdam.de\">Fr. Theuer<\/a><\/td>\n<\/tr>\n<tr class=\"row7\">\n<td class=\"col0\">Herr Prof. Gronau<\/td>\n<td class=\"col1\">Pr\u00fcfungsausschussvorsitzender BSc.\/MSc. Wirtschaftsinformatik<\/td>\n<td class=\"col2\"><a class=\"mail\" title=\"norbert.gronau@wi.uni-potsdam.de\" href=\"mailto:norbert.gronau@wi.uni-potsdam.de\">Prof. Dr. Gronau<\/a><\/td>\n<\/tr>\n<tr class=\"row8\">\n<td class=\"col0\">Herr Prof. Schwill<\/td>\n<td class=\"col1\">Pr\u00fcfungsausschussvorsitzender BSc.\/MSc. Informatik\/Computational Science<\/td>\n<td class=\"col2\"><a class=\"mail\" title=\"schwill@cs.uni-potsdam.de\" href=\"mailto:schwill@cs.uni-potsdam.de\"> Prof. Dr. Schwill<\/a><\/td>\n<\/tr>\n<tr class=\"row9\">\n<td class=\"col0\">Frau Roy<\/td>\n<td class=\"col1\">Vergibt Zugangskarten f\u00fcr Institutsr\u00e4ume<\/td>\n<td class=\"col2\"><a class=\"mail\" title=\"aroy@cs.uni-potsdam.de\" href=\"mailto:aroy@cs.uni-potsdam.de\">Fr. Roy<\/a><\/td>\n<\/tr>\n<\/tbody>\n<\/table>\n<\/div>\n<\/div>\n","protected":false},"excerpt":{"rendered":"<p>Name Funktion E-Mail Fachschaftsrat Fachschaftsrat Informatik Fachschaftsrat AStA &#8211; Allgemein AStA &#8211; Allgemeine Anfragen AStA Allgemein AStA &#8211; Pr\u00fcfungsrecht AStA &#8211; Anfragen zum Pr\u00fcfungsrecht AStA Pr\u00fcfungsrecht Frau Vogel Studienfachberaterin BSc. Informatik\/Computational Science Fr. Vogel Herr Dr. Bordihn Studienfachberater MSc. Informatik\/Computational Science Dr. Bordihn Frau Theuer Studienfachberater BSc.\/MSc. Wirtschaftsinformatik Fr. Theuer Herr Prof. Gronau Pr\u00fcfungsausschussvorsitzender BSc.\/MSc. <a class=\"more-link\" href=\"https:\/\/fsr.cs.uni-potsdam.de\/?page_id=509\">weiterlesen&#8230;<\/a><\/p>\n","protected":false},"author":2,"featured_media":0,"parent":0,"menu_order":0,"comment_status":"closed","ping_status":"closed","template":"","meta":{"footnotes":""},"class_list":["post-509","page","type-page","status-publish","hentry"],"_links":{"self":[{"href":"https:\/\/fsr.cs.uni-potsdam.de\/index.php?rest_route=\/wp\/v2\/pages\/509","targetHints":{"allow":["GET"]}}],"collection":[{"href":"https:\/\/fsr.cs.uni-potsdam.de\/index.php?rest_route=\/wp\/v2\/pages"}],"about":[{"href":"https:\/\/fsr.cs.uni-potsdam.de\/index.php?rest_route=\/wp\/v2\/types\/page"}],"author":[{"embeddable":true,"href":"https:\/\/fsr.cs.uni-potsdam.de\/index.php?rest_route=\/wp\/v2\/users\/2"}],"replies":[{"embeddable":true,"href":"https:\/\/fsr.cs.uni-potsdam.de\/index.php?rest_route=%2Fwp%2Fv2%2Fcomments&post=509"}],"version-history":[{"count":0,"href":"https:\/\/fsr.cs.uni-potsdam.de\/index.php?rest_route=\/wp\/v2\/pages\/509\/revisions"}],"wp:attachment":[{"href":"https:\/\/fsr.cs.uni-potsdam.de\/index.php?rest_route=%2Fwp%2Fv2%2Fmedia&parent=509"}],"curies":[{"name":"wp","href":"https:\/\/api.w.org\/{rel}","templated":true}]}}