{"id":6,"date":"2018-09-16T17:17:43","date_gmt":"2018-09-16T15:17:43","guid":{"rendered":"https:\/\/fsr.cs.uni-potsdam.de\/rebuild\/?page_id=6"},"modified":"2018-09-16T17:17:43","modified_gmt":"2018-09-16T15:17:43","slug":"ueber-mich","status":"publish","type":"page","link":"https:\/\/fsr.cs.uni-potsdam.de\/?page_id=6","title":{"rendered":"\u00dcber uns"},"content":{"rendered":"<h4>Wer sind wir?<\/h4>\n<p>Wir sind die gew\u00e4hlte Vertretung aller Studierenden der Fachrichtungen Informatik und Wirtschaftsinformatik.<\/p>\n<h4>Was tun wir?<\/h4>\n<ul>\n<li>Beratung und Unterst\u00fctzung bei Problemen mit dem Studium \/ der Studienorganisation<\/li>\n<li>Vertretung der Interessen der Fachschaft in den Gremien der Universit\u00e4t, z.B. Berufungskommissionen<\/li>\n<li>Pr\u00fcfungsausschuss, Fakult\u00e4tsrat, StuPa, AStA innerhalb des Instituts<\/li>\n<li>Ideen und Kritik zu Studienordnungen erarbeiten<\/li>\n<li>Vernetzung mit anderen Fachschaften, z.B. bei der VeFa<\/li>\n<li>Sammlung n\u00fctzlicher Infos f\u00fcr die Fachschaft<\/li>\n<li>Veranstaltungen, z.B. Grillfeste, Spieleabende<\/li>\n<li>Studienberatung und Erstsemesterbetreuung<\/li>\n<li>Eure Beitr\u00e4ge zielgerichtet verwenden<\/li>\n<\/ul>\n<p>Gern bieten wir auf Anfrage auch pers\u00f6nliche Sprechstunden an. Kontaktiere uns daf\u00fcr einfach per Mail, Discord oder auch auf Instagram.<\/p>\n","protected":false},"excerpt":{"rendered":"<p>Wer sind wir? Wir sind die gew\u00e4hlte Vertretung aller Studierenden der Fachrichtungen Informatik und Wirtschaftsinformatik. Was tun wir? Beratung und Unterst\u00fctzung bei Problemen mit dem Studium \/ der Studienorganisation Vertretung der Interessen der Fachschaft in den Gremien der Universit\u00e4t, z.B. Berufungskommissionen Pr\u00fcfungsausschuss, Fakult\u00e4tsrat, StuPa, AStA innerhalb des Instituts Ideen und Kritik zu Studienordnungen erarbeiten Vernetzung <a class=\"more-link\" href=\"https:\/\/fsr.cs.uni-potsdam.de\/?page_id=6\">weiterlesen&#8230;<\/a><\/p>\n","protected":false},"author":2,"featured_media":0,"parent":0,"menu_order":0,"comment_status":"closed","ping_status":"closed","template":"","meta":{"footnotes":""},"class_list":["post-6","page","type-page","status-publish","hentry"],"_links":{"self":[{"href":"https:\/\/fsr.cs.uni-potsdam.de\/index.php?rest_route=\/wp\/v2\/pages\/6","targetHints":{"allow":["GET"]}}],"collection":[{"href":"https:\/\/fsr.cs.uni-potsdam.de\/index.php?rest_route=\/wp\/v2\/pages"}],"about":[{"href":"https:\/\/fsr.cs.uni-potsdam.de\/index.php?rest_route=\/wp\/v2\/types\/page"}],"author":[{"embeddable":true,"href":"https:\/\/fsr.cs.uni-potsdam.de\/index.php?rest_route=\/wp\/v2\/users\/2"}],"replies":[{"embeddable":true,"href":"https:\/\/fsr.cs.uni-potsdam.de\/index.php?rest_route=%2Fwp%2Fv2%2Fcomments&post=6"}],"version-history":[{"count":0,"href":"https:\/\/fsr.cs.uni-potsdam.de\/index.php?rest_route=\/wp\/v2\/pages\/6\/revisions"}],"wp:attachment":[{"href":"https:\/\/fsr.cs.uni-potsdam.de\/index.php?rest_route=%2Fwp%2Fv2%2Fmedia&parent=6"}],"curies":[{"name":"wp","href":"https:\/\/api.w.org\/{rel}","templated":true}]}}