{"id":821,"date":"2020-05-22T13:16:26","date_gmt":"2020-05-22T11:16:26","guid":{"rendered":"https:\/\/fsr.cs.uni-potsdam.de\/?page_id=821"},"modified":"2020-05-22T13:16:26","modified_gmt":"2020-05-22T11:16:26","slug":"sitzungsprotokoll-22-05-20","status":"publish","type":"page","link":"https:\/\/fsr.cs.uni-potsdam.de\/?page_id=821","title":{"rendered":"Sitzungsprotokoll 22.05.20"},"content":{"rendered":"<p>Sitzungsprotokoll 22.05.20, Online Sitzung<\/p>\n<p>Beginn: 12:54<br \/>\nEnde: 13:14<\/p>\n<p>Anwesend:<br \/>\nBob<br \/>\nBurkhard<br \/>\nDavid<br \/>\nHanna<br \/>\nJessy<\/p>\n<p>TO:<br \/>\n&#8211; TI Gespr\u00e4ch<\/p>\n<p>TI Gespr\u00e4ch:<br \/>\n\tDie Kritik zur Klausur wurde weitergegeben.<br \/>\n\tEs wurde eingestanden das die Klausur im Verh\u00e4ltnis zur Vorherigen unfair war.<br \/>\n\tEs wurden unterschiedlichen L\u00f6sungsm\u00f6glichkeiten besprochen, f\u00fcr die gegenwartige und zuk\u00fcnftige Lehre mit Bezug auf Klausur, \u00dcbungen und Testate.<\/p>\n","protected":false},"excerpt":{"rendered":"<p>Sitzungsprotokoll 22.05.20, Online Sitzung Beginn: 12:54 Ende: 13:14 Anwesend: Bob Burkhard David Hanna Jessy TO: &#8211; TI Gespr\u00e4ch TI Gespr\u00e4ch: Die Kritik zur Klausur wurde weitergegeben. Es wurde eingestanden das die Klausur im Verh\u00e4ltnis zur Vorherigen unfair war. Es wurden unterschiedlichen L\u00f6sungsm\u00f6glichkeiten besprochen, f\u00fcr die gegenwartige und zuk\u00fcnftige Lehre mit Bezug auf Klausur, \u00dcbungen und <a class=\"more-link\" href=\"https:\/\/fsr.cs.uni-potsdam.de\/?page_id=821\">weiterlesen&#8230;<\/a><\/p>\n","protected":false},"author":2,"featured_media":0,"parent":0,"menu_order":0,"comment_status":"closed","ping_status":"closed","template":"","meta":{"footnotes":""},"class_list":["post-821","page","type-page","status-publish","hentry"],"_links":{"self":[{"href":"https:\/\/fsr.cs.uni-potsdam.de\/index.php?rest_route=\/wp\/v2\/pages\/821","targetHints":{"allow":["GET"]}}],"collection":[{"href":"https:\/\/fsr.cs.uni-potsdam.de\/index.php?rest_route=\/wp\/v2\/pages"}],"about":[{"href":"https:\/\/fsr.cs.uni-potsdam.de\/index.php?rest_route=\/wp\/v2\/types\/page"}],"author":[{"embeddable":true,"href":"https:\/\/fsr.cs.uni-potsdam.de\/index.php?rest_route=\/wp\/v2\/users\/2"}],"replies":[{"embeddable":true,"href":"https:\/\/fsr.cs.uni-potsdam.de\/index.php?rest_route=%2Fwp%2Fv2%2Fcomments&post=821"}],"version-history":[{"count":0,"href":"https:\/\/fsr.cs.uni-potsdam.de\/index.php?rest_route=\/wp\/v2\/pages\/821\/revisions"}],"wp:attachment":[{"href":"https:\/\/fsr.cs.uni-potsdam.de\/index.php?rest_route=%2Fwp%2Fv2%2Fmedia&parent=821"}],"curies":[{"name":"wp","href":"https:\/\/api.w.org\/{rel}","templated":true}]}}