{"id":833,"date":"2020-08-20T20:48:25","date_gmt":"2020-08-20T18:48:25","guid":{"rendered":"https:\/\/fsr.cs.uni-potsdam.de\/?page_id=833"},"modified":"2020-08-20T20:48:25","modified_gmt":"2020-08-20T18:48:25","slug":"sitzungsprotokoll-vom-20-08-2020","status":"publish","type":"page","link":"https:\/\/fsr.cs.uni-potsdam.de\/?page_id=833","title":{"rendered":"Sitzungsprotokoll vom 20.08.2020"},"content":{"rendered":"<p>Sitzungsprotokoll 20.08.2020<br \/>\nAnwesend:<br \/>\nLars<br \/>\nDavid<br \/>\nBurkhard<br \/>\nHanna<br \/>\nJessy<\/p>\n<p>Beginn: 20:10<br \/>\nEnde: 20:49<\/p>\n<p>TO:<br \/>\n\u2013 Ersti-Pl\u00e4ne<br \/>\n\u2013 Spinde<br \/>\n\u2013 Beamer<br \/>\n&#8211; Planung f\u00fcr Ausgaben<\/p>\n<p>Campus Tour<br \/>\nPlanung von Videos um den Erstis, welche nicht anwesend sein k\u00f6nnen, wenigstens den Campus zu zeigen.<br \/>\n\u00dcberlegungen zu einer etwas Professionelleren L\u00f6sung.<\/p>\n<p>Zoom\/Discord f\u00fcr erste begegnung mit Erstis. Wollen wir n\u00e4chste mal besprechen.<\/p>\n<p>Mario k\u00fcmmert sich um die Aufl\u00f6sung der Spinde, wegen Umzug.<\/p>\n<p>Wir wollen einen Beamer. Endlich mal. Wird mehr als 300\u20ac, deswegen aufwendiger. (maximal ca. 600\u20ac)<\/p>\n<p>Wir haben \u00fcberlegt was man noch sch\u00f6nes f\u00fcr die Fachschaft anschaffen k\u00f6nnte.<\/p>\n","protected":false},"excerpt":{"rendered":"<p>Sitzungsprotokoll 20.08.2020 Anwesend: Lars David Burkhard Hanna Jessy Beginn: 20:10 Ende: 20:49 TO: \u2013 Ersti-Pl\u00e4ne \u2013 Spinde \u2013 Beamer &#8211; Planung f\u00fcr Ausgaben Campus Tour Planung von Videos um den Erstis, welche nicht anwesend sein k\u00f6nnen, wenigstens den Campus zu zeigen. \u00dcberlegungen zu einer etwas Professionelleren L\u00f6sung. Zoom\/Discord f\u00fcr erste begegnung mit Erstis. Wollen wir <a class=\"more-link\" href=\"https:\/\/fsr.cs.uni-potsdam.de\/?page_id=833\">weiterlesen&#8230;<\/a><\/p>\n","protected":false},"author":2,"featured_media":0,"parent":0,"menu_order":0,"comment_status":"closed","ping_status":"closed","template":"","meta":{"footnotes":""},"class_list":["post-833","page","type-page","status-publish","hentry"],"_links":{"self":[{"href":"https:\/\/fsr.cs.uni-potsdam.de\/index.php?rest_route=\/wp\/v2\/pages\/833","targetHints":{"allow":["GET"]}}],"collection":[{"href":"https:\/\/fsr.cs.uni-potsdam.de\/index.php?rest_route=\/wp\/v2\/pages"}],"about":[{"href":"https:\/\/fsr.cs.uni-potsdam.de\/index.php?rest_route=\/wp\/v2\/types\/page"}],"author":[{"embeddable":true,"href":"https:\/\/fsr.cs.uni-potsdam.de\/index.php?rest_route=\/wp\/v2\/users\/2"}],"replies":[{"embeddable":true,"href":"https:\/\/fsr.cs.uni-potsdam.de\/index.php?rest_route=%2Fwp%2Fv2%2Fcomments&post=833"}],"version-history":[{"count":0,"href":"https:\/\/fsr.cs.uni-potsdam.de\/index.php?rest_route=\/wp\/v2\/pages\/833\/revisions"}],"wp:attachment":[{"href":"https:\/\/fsr.cs.uni-potsdam.de\/index.php?rest_route=%2Fwp%2Fv2%2Fmedia&parent=833"}],"curies":[{"name":"wp","href":"https:\/\/api.w.org\/{rel}","templated":true}]}}